{"id":1519,"date":"2015-01-25T13:03:14","date_gmt":"2015-01-25T12:03:14","guid":{"rendered":"http:\/\/aaccea-photo.org\/WP3\/?page_id=1519"},"modified":"2018-07-02T22:16:48","modified_gmt":"2018-07-02T20:16:48","slug":"concours-2014","status":"publish","type":"page","link":"http:\/\/aaccea-photo.org\/WP3\/concours\/concours-2014\/","title":{"rendered":"Concours 2014"},"content":{"rendered":"<h1>Concours photos de l&rsquo;AAC-CEA 2014<\/h1>\n<table width=\"799\">\n<tbody>\n<tr>\n<td><\/td>\n<td style=\"text-align: center; vertical-align: middle;\"><a href=\"http:\/\/www.aaccea-photo.org\/concours\/2014\/affiche-concours.jpg\"><img loading=\"lazy\" decoding=\"async\" style=\"vertical-align: middle;\" src=\"http:\/\/www.aaccea-photo.org\/concours\/2014\/affiche-concours.jpg\" alt=\"affiche du concours 2014\" width=\"283\" height=\"400\" \/><\/a><\/td>\n<td><img loading=\"lazy\" decoding=\"async\" style=\"vertical-align: middle;\" src=\"http:\/\/www.aaccea-photo.org\/concours\/2014\/2014-expo.jpg\" alt=\"affiche du concours 2014\" width=\"283\" height=\"400\" \/><\/td>\n<\/tr>\n<\/tbody>\n<\/table>\n<p>Le th\u00e8me du concours 2014 est : <span style=\"font-size: xx-large;\"><strong>\u00ab\u00a0La nature dans la ville\u00a0\u00bb.<\/strong><\/span><\/p>\n<p>La photographe professionnelle de cette ann\u00e9e est :<\/p>\n<div class=\"photo_photographe\"><img decoding=\"async\" src=\"http:\/\/www.aguila-voyages.com\/uploads\/Images\/photographes\/Voyages_photo_Severine_LACROIX.JPG\" alt=\"S\u00e9verine Lacroix\" \/><\/div>\n<div class=\"nom_photographe\">S\u00e9verine Lacroix de la Soci\u00e9t\u00e9 Aguila.<\/div>\n<div class=\"texte_photographe\">\n<p style=\"text-align: justify;\">S\u00e9verine s&rsquo;est passionn\u00e9e tr\u00e8s jeune pour les territoires d&rsquo;Am\u00e9rique Latine. Elle a parcouru le continent et v\u00e9cu en \u00c9quateur o\u00f9 elle a pass\u00e9 plusieurs mois aux c\u00f4t\u00e9s de communaut\u00e9s indiennes. Elle a une attirance toute particuli\u00e8re pour les portraits, les sc\u00e8nes de vie, les sujets de soci\u00e9t\u00e9 et la g\u00e9opolitique, la photographie \u00e9tant pour elle un moyen de t\u00e9moigner de la vie des peuples. S\u00e9verine travaille \u00e9galement comme photographe pour plusieurs troupes de th\u00e9\u00e2tre. Elle est l&rsquo;auteur de <em>La photographie de voyage &#8211; Guide pratique <\/em>(VM-Eyrolles 2009). <span style=\"color: #33cccc;\">Photographe pour les cours et activit\u00e9s photo<\/span> <a class=\"link_p\" title=\"Le Bol qui Fume - Paris\" href=\"http:\/\/www.lebolquifume.com\/\" target=\"_blank\" rel=\"noopener\">Le Bol qui Fume<\/a> <span style=\"color: #33cccc;\">\u00e0 Paris<\/span>.<\/p>\n<\/div>\n<p><em><strong>31 participants et 84 photos d\u00e9pos\u00e9es merci \u00e0 tous pour votre participation :<\/strong><\/em><\/p>\n<p>* <a href=\"http:\/\/www.aaccea-photo.org\/concours\/2014\/galerie\/depot\/index.html\" target=\"_blank\" rel=\"noopener\">Galerie des 84 photos d\u00e9pos\u00e9es<\/a><\/p>\n<p><em><strong><span style=\"color: #000000;\">S\u00c9LECTION DE 34 PHOTOS POUR L&rsquo;EXPOSITION :<\/span><\/strong><\/em><\/p>\n<p>* <a href=\"http:\/\/www.aaccea-photo.org\/concours\/2014\/galerie\/selection\/index.html\" target=\"_blank\" rel=\"noopener\">Galerie des 34 photos s\u00e9lectionn\u00e9es<\/a><\/p>\n<p><em><strong><em><strong><span style=\"color: #000000;\">S\u00c9LECTION DES PHOTOS DU TRAVAIL PHOTOGRAPHIQUE<\/span><\/strong><\/em> :<\/strong><\/em><\/p>\n<p>* <a href=\"http:\/\/www.aaccea-photo.org\/concours\/2014\/galerie\/Trav%20Photo\/index.html\">Galerie des 10 photos s\u00e9lectionn\u00e9es<\/a><\/p>\n<h2>R\u00e9sultats du concours &#8211; <a href=\"http:\/\/www.aaccea-photo.org\/concours\/2014\/Resultats%202014_petit.pdf\" target=\"_blank\" rel=\"noopener\">R\u00e9sum\u00e9 des prix<\/a><\/h2>\n<p><strong><em>Prix Photographe<\/em><\/strong> Merci \u00e0 S\u00e9verine LACROIX de sa pr\u00e9sence.<\/p>\n<ol>\n<li>Photo N\u00b015 de Yves Ardellier (FNAC 100\u20ac)<\/li>\n<li>Photo de Eliane Maurel (Livre photo)<\/li>\n<li>Photo N\u00b004 de Vincent Morin (Carte abonnement mus\u00e9)<\/li>\n<\/ol>\n<p><strong><em>Prix Public <\/em><\/strong><a href=\"http:\/\/www.aaccea-photo.org\/concours\/2014\/Classement 2014.pdf\" target=\"_blank\" rel=\"noopener\">Fichier des votes<\/a><\/p>\n<ol>\n<li>Photo N\u00b002 de Pascal Terrassson (FNAC 100\u20ac)<\/li>\n<li>Photo N\u00b001 de Claude Gallas (Carte abonnement mus\u00e9)<\/li>\n<li>Photo N\u00b010 de Patrick Gallet (Livre photo)<\/li>\n<\/ol>\n<p><strong><em>Prix de la direction<\/em><\/strong><\/p>\n<ol>\n<li>Photo N\u00b021 de Louis Arrivet (Ch\u00e8que de 150\u20ac)<\/li>\n<li>Photo N\u00b006 de Pierre-Alain Duc<\/li>\n<li>Photo N\u00b002 de Pascal Terrasson<\/li>\n<\/ol>\n","protected":false},"excerpt":{"rendered":"<p>Concours photos de l&rsquo;AAC-CEA 2014 Le th\u00e8me du concours 2014 est : \u00ab\u00a0La nature dans la ville\u00a0\u00bb. La photographe professionnelle de cette ann\u00e9e est : S\u00e9verine Lacroix de la Soci\u00e9t\u00e9 Aguila. S\u00e9verine s&rsquo;est passionn\u00e9e tr\u00e8s jeune pour les territoires d&rsquo;Am\u00e9rique Latine. Elle a parcouru le continent et v\u00e9cu en \u00c9quateur o\u00f9 elle a pass\u00e9 plusieurs&hellip;<\/p>\n","protected":false},"author":4,"featured_media":0,"parent":242,"menu_order":5,"comment_status":"open","ping_status":"closed","template":"","meta":{"footnotes":""},"_links":{"self":[{"href":"http:\/\/aaccea-photo.org\/WP3\/wp-json\/wp\/v2\/pages\/1519"}],"collection":[{"href":"http:\/\/aaccea-photo.org\/WP3\/wp-json\/wp\/v2\/pages"}],"about":[{"href":"http:\/\/aaccea-photo.org\/WP3\/wp-json\/wp\/v2\/types\/page"}],"author":[{"embeddable":true,"href":"http:\/\/aaccea-photo.org\/WP3\/wp-json\/wp\/v2\/users\/4"}],"replies":[{"embeddable":true,"href":"http:\/\/aaccea-photo.org\/WP3\/wp-json\/wp\/v2\/comments?post=1519"}],"version-history":[{"count":4,"href":"http:\/\/aaccea-photo.org\/WP3\/wp-json\/wp\/v2\/pages\/1519\/revisions"}],"predecessor-version":[{"id":2329,"href":"http:\/\/aaccea-photo.org\/WP3\/wp-json\/wp\/v2\/pages\/1519\/revisions\/2329"}],"up":[{"embeddable":true,"href":"http:\/\/aaccea-photo.org\/WP3\/wp-json\/wp\/v2\/pages\/242"}],"wp:attachment":[{"href":"http:\/\/aaccea-photo.org\/WP3\/wp-json\/wp\/v2\/media?parent=1519"}],"curies":[{"name":"wp","href":"https:\/\/api.w.org\/{rel}","templated":true}]}}