{"id":409,"date":"2012-08-31T15:29:57","date_gmt":"2012-08-31T13:29:57","guid":{"rendered":"http:\/\/aaccea-photo.org\/WP3\/?page_id=409"},"modified":"2018-07-02T22:15:58","modified_gmt":"2018-07-02T20:15:58","slug":"concours_2011","status":"publish","type":"page","link":"http:\/\/aaccea-photo.org\/WP3\/concours\/concours_2011\/","title":{"rendered":"Concours 2011"},"content":{"rendered":"<h1>Concours photos de l&rsquo;AAC-CEA 2011<\/h1>\n<table>\n<tbody>\n<tr>\n<td><img loading=\"lazy\" decoding=\"async\" src=\"http:\/\/www.aaccea-photo.org\/concours\/2011\/affiche-concours.jpg\" alt=\"\" width=\"200\" height=\"283\" \/><\/td>\n<td style=\"text-align: center; vertical-align: middle;\">Merci \u00e0 tous les participants et \u00e0 l&rsquo;ann\u00e9e prochaine.<\/td>\n<td><img loading=\"lazy\" decoding=\"async\" src=\"http:\/\/www.aaccea-photo.org\/concours\/2011\/Affiche-expo-2011.jpg\" alt=\"\" width=\"200\" height=\"283\" \/><\/td>\n<\/tr>\n<\/tbody>\n<\/table>\n<h2>Th\u00e8me du concours<\/h2>\n<h5>Le th\u00e8me du concours 2011 \u00e9tait : SOUS LA PLUIE<\/h5>\n<p><a href=\"http:\/\/www.aaccea-photo.org\/concours\/2011\/reglement.pdf\" target=\"_blank\" rel=\"noopener\">R\u00e8glement_2011<\/a><\/p>\n<h2>R\u00e9sultats du concours<\/h2>\n<p><strong><em>Prix Photographe<\/em><\/strong> Merci \u00e0 Isabelle BONJEAN de sa pr\u00e9sence <a href=\"http:\/\/www.ibonjean.com\/\" target=\"blank\">site du photographe<\/a><\/p>\n<ol>\n<li>Photo N\u00b069 de Sigrid LAROUBINE<br \/>\n<a href=\"http:\/\/www.aaccea-photo.org\/concours\/2011\/final\/anonymes\/069 5e0a7fcde65b4086818efc6fe5be10c0 800_AACCEA_IMGP9094.jpg\"><img loading=\"lazy\" decoding=\"async\" src=\"http:\/\/www.aaccea-photo.org\/concours\/2011\/final\/anonymes\/069 5e0a7fcde65b4086818efc6fe5be10c0 800_AACCEA_IMGP9094.jpg\" alt=\"\" width=\"150\" height=\"100\" \/><\/a><\/li>\n<li>Photo N\u00b083 de Claude GALLAS<br \/>\n<a href=\"http:\/\/www.aaccea-photo.org\/concours\/2011\/final\/anonymes\/083 710c17315b166e1caf2755a5819fbd81_800.jpg\"><img loading=\"lazy\" decoding=\"async\" src=\"http:\/\/www.aaccea-photo.org\/concours\/2011\/final\/anonymes\/083%20710c17315b166e1caf2755a5819fbd81%20Sardines_Claude.jpg\" alt=\"\" width=\"150\" height=\"100\" \/><\/a><\/li>\n<li>Photo N\u00b063 de Jacques PAGES<br \/>\n<a href=\"http:\/\/www.aaccea-photo.org\/concours\/2011\/final\/anonymes\/063%20be5464534d58810789a688ed9a8349f5%20une.jpg\"><img loading=\"lazy\" decoding=\"async\" src=\"http:\/\/www.aaccea-photo.org\/concours\/2011\/final\/anonymes\/063%20be5464534d58810789a688ed9a8349f5%20une.jpg\" alt=\"\" width=\"150\" height=\"100\" \/><\/a><\/li>\n<\/ol>\n<p><strong><em>Prix Public <\/em><\/strong><a href=\"http:\/\/www.aaccea-photo.org\/concours\/2011\/Votes_2011.pdf\" target=\"_blank\" rel=\"noopener\">Fichier des votes<\/a><\/p>\n<ol>\n<li>Photo N\u00b019 de Jacques SEGRE<br \/>\n<a href=\"http:\/\/www.aaccea-photo.org\/concours\/2011\/final\/anonymes\/019 d2b415698a90633e8a9408889a90d6cd DSCF2247_800.jpg\"><img loading=\"lazy\" decoding=\"async\" src=\"http:\/\/www.aaccea-photo.org\/concours\/2011\/final\/anonymes\/019 d2b415698a90633e8a9408889a90d6cd DSCF2247_800.jpg\" alt=\"\" width=\"150\" height=\"100\" \/><\/a><\/li>\n<li>Photo N\u00b044 de Fanny EYBOULET<br \/>\n<a href=\"http:\/\/www.aaccea-photo.org\/concours\/2011\/final\/anonymes\/044%205e46878738221194077a6452d8be8cb4_800.jpg\"><img loading=\"lazy\" decoding=\"async\" src=\"http:\/\/www.aaccea-photo.org\/concours\/2011\/final\/anonymes\/044%205e46878738221194077a6452d8be8cb4_800.jpg\" alt=\"\" width=\"100\" height=\"150\" \/><\/a><\/li>\n<li>Photo N\u00b024 de Luc BUCHER<br \/>\n<a href=\"http:\/\/www.aaccea-photo.org\/concours\/2011\/final\/anonymes\/024%20a36972b428140a839c2592a2d6b3d278%20PICT2174c.jpg\"><img loading=\"lazy\" decoding=\"async\" src=\"http:\/\/www.aaccea-photo.org\/concours\/2011\/final\/anonymes\/024%20a36972b428140a839c2592a2d6b3d278%20PICT2174c.jpg\" alt=\"\" width=\"100\" height=\"150\" \/><\/a><\/li>\n<\/ol>\n<p><strong><em>Prix de la direction<\/em><\/strong><\/p>\n<ol>\n<li>Photo N\u00b009 de Frederic THAIS<br \/>\n<a href=\"http:\/\/www.aaccea-photo.org\/concours\/2011\/final\/anonymes\/009%20c9a39c6d4890aaef98d0c5de787a28d0%202009-12-20%2015h19m23%20trt.jpg\"><img loading=\"lazy\" decoding=\"async\" src=\"http:\/\/www.aaccea-photo.org\/concours\/2011\/final\/anonymes\/009%20c9a39c6d4890aaef98d0c5de787a28d0%202009-12-20%2015h19m23%20trt.jpg\" alt=\"\" width=\"150\" height=\"100\" \/><\/a><\/li>\n<li>Photo N\u00b068 de Philippe BRUN<br \/>\n<a href=\"http:\/\/www.aaccea-photo.org\/concours\/2011\/final\/anonymes\/068%20aadf6ecf8621af2b63986309ec550a57%20BP3_7395_800.jpg\"><img loading=\"lazy\" decoding=\"async\" src=\"http:\/\/www.aaccea-photo.org\/concours\/2011\/final\/anonymes\/068%20aadf6ecf8621af2b63986309ec550a57%20BP3_7395_800.jpg\" alt=\"\" width=\"100\" height=\"150\" \/><\/a><\/li>\n<\/ol>\n<h2>La participation<\/h2>\n<p>85 photos d\u00e9pos\u00e9es<br \/>\n33 photos s\u00e9lectionn\u00e9es<\/p>\n<ul>\n<li><a href=\"http:\/\/www.aaccea-photo.org\/concours\/2011\/galerie\/depot\/depots.html\" target=\"_blank\" rel=\"noopener\">Les 85 photos d\u00e9pos\u00e9es pour le concours<\/a><\/li>\n<li><a href=\"http:\/\/www.aaccea-photo.org\/concours\/2011\/galerie\/selection\/selection.html\" target=\"_blank\" rel=\"noopener\">Les 33 photos s\u00e9lectionn\u00e9es pour le concours<\/a><\/li>\n<\/ul>\n","protected":false},"excerpt":{"rendered":"<p>Concours photos de l&rsquo;AAC-CEA 2011 Merci \u00e0 tous les participants et \u00e0 l&rsquo;ann\u00e9e prochaine. Th\u00e8me du concours Le th\u00e8me du concours 2011 \u00e9tait : SOUS LA PLUIE R\u00e8glement_2011 R\u00e9sultats du concours Prix Photographe Merci \u00e0 Isabelle BONJEAN de sa pr\u00e9sence site du photographe Photo N\u00b069 de Sigrid LAROUBINE Photo N\u00b083 de Claude GALLAS Photo N\u00b063&hellip;<\/p>\n","protected":false},"author":4,"featured_media":0,"parent":242,"menu_order":8,"comment_status":"closed","ping_status":"closed","template":"","meta":{"footnotes":""},"_links":{"self":[{"href":"http:\/\/aaccea-photo.org\/WP3\/wp-json\/wp\/v2\/pages\/409"}],"collection":[{"href":"http:\/\/aaccea-photo.org\/WP3\/wp-json\/wp\/v2\/pages"}],"about":[{"href":"http:\/\/aaccea-photo.org\/WP3\/wp-json\/wp\/v2\/types\/page"}],"author":[{"embeddable":true,"href":"http:\/\/aaccea-photo.org\/WP3\/wp-json\/wp\/v2\/users\/4"}],"replies":[{"embeddable":true,"href":"http:\/\/aaccea-photo.org\/WP3\/wp-json\/wp\/v2\/comments?post=409"}],"version-history":[{"count":54,"href":"http:\/\/aaccea-photo.org\/WP3\/wp-json\/wp\/v2\/pages\/409\/revisions"}],"predecessor-version":[{"id":2326,"href":"http:\/\/aaccea-photo.org\/WP3\/wp-json\/wp\/v2\/pages\/409\/revisions\/2326"}],"up":[{"embeddable":true,"href":"http:\/\/aaccea-photo.org\/WP3\/wp-json\/wp\/v2\/pages\/242"}],"wp:attachment":[{"href":"http:\/\/aaccea-photo.org\/WP3\/wp-json\/wp\/v2\/media?parent=409"}],"curies":[{"name":"wp","href":"https:\/\/api.w.org\/{rel}","templated":true}]}}