{"id":902,"date":"2013-01-05T13:52:16","date_gmt":"2013-01-05T12:52:16","guid":{"rendered":"http:\/\/aaccea-photo.org\/WP3\/?page_id=902"},"modified":"2018-07-02T22:16:13","modified_gmt":"2018-07-02T20:16:13","slug":"concour-2012","status":"publish","type":"page","link":"http:\/\/aaccea-photo.org\/WP3\/concours\/concour-2012\/","title":{"rendered":"Concours 2012"},"content":{"rendered":"<h1>Concours photos de l&rsquo;AAC-CEA 2012<\/h1>\n<table>\n<tbody>\n<tr>\n<td><img loading=\"lazy\" decoding=\"async\" src=\"http:\/\/www.aaccea-photo.org\/concours\/2012\/affiche-concours.jpg\" alt=\"\" width=\"140\" height=\"198\" \/><\/td>\n<td style=\"text-align: center; vertical-align: middle;\">Merci \u00e0 tous les participants et \u00e0 l&rsquo;ann\u00e9e prochaine.<\/td>\n<td><img loading=\"lazy\" decoding=\"async\" src=\"http:\/\/www.aaccea-photo.org\/concours\/2012\/Affiche-expo-2012.jpeg\" alt=\"\" width=\"150\" height=\"212\" \/><\/td>\n<\/tr>\n<\/tbody>\n<\/table>\n<h2>Th\u00e8me du concours<\/h2>\n<h5>Le th\u00e8me du concours 2012 est : LA COULEUR ROUGE<\/h5>\n<p>Il faudra que la couleur rouge soit le th\u00e8me central de votre photo, celle\u2010ci peut \u00eatre repr\u00e9sent\u00e9e par un objet, un animal etc&#8230;<br \/>\nLa couleur rouge peut aussi \u00eatre particuli\u00e8rement mise en valeur sur votre photo<br \/>\npar un filtrage N&amp;B laissant entrevoir comme unique couleur une partie rouge de l\u2019image, ou par simple pr\u00e9dominance de rouge sur une photographie en couleur. Dans tous les cas, le rouge devra mettre en \u00e9vidence le sujet central de votre photo.<br \/>\nMerci de bien lire le r\u00e9glement : <a href=\"http:\/\/www.aaccea-photo.org\/concours\/2012\/Reglement.pdf\" target=\"_blank\" rel=\"noopener\">R\u00e9glement<\/a><br \/>\n<a href=\"mailto:regis.courbeyrette@cea.fr?subject=concours%202012\">contact concours<\/a><\/p>\n<h2>R\u00e9sultats du concours<\/h2>\n<p><strong><em>Prix Photographe<\/em><\/strong> Merci \u00e0 Jean-Marc BESACIER de sa pr\u00e9sence <a href=\"http:\/\/www.photographie-architecture-urbaine.com\/index.php\">site du photographe<\/a><\/p>\n<ol>\n<li>Photo N\u00b037 de Karine COURBEYRETTE (bon FNAC de 100\u20ac)<br \/>\n<a href=\"http:\/\/www.aaccea-photo.org\/concours\/2012\/galerie\/selection\/data\/images1\/182_c9e93aab867c20c6404ad27eaa876281_cerf_volant.jpg\"><img loading=\"lazy\" decoding=\"async\" src=\"http:\/\/www.aaccea-photo.org\/concours\/2012\/galerie\/selection\/data\/images1\/182_c9e93aab867c20c6404ad27eaa876281_cerf_volant.jpg\" alt=\"\" width=\"100\" height=\"150\" \/><\/a><\/li>\n<li>Photo N\u00b08 de Jacques PAGE (Abonnement 1 an pour 2 personnes \u00e0 la maison Europ\u00e9enne de la photographie)<br \/>\n<a href=\"http:\/\/www.aaccea-photo.org\/concours\/2012\/galerie\/selection\/data\/images1\/036_be5464534d58810789a688ed9a8349f5_jac_6771lgd.jpg\"><img loading=\"lazy\" decoding=\"async\" src=\"http:\/\/www.aaccea-photo.org\/concours\/2012\/galerie\/selection\/data\/images1\/036_be5464534d58810789a688ed9a8349f5_jac_6771lgd.jpg\" alt=\"\" width=\"109\" height=\"150\" \/><\/a><\/li>\n<li>Photo N\u00b018 de Yves ARDELLIER (1 livre photos)<br \/>\n<a href=\"http:\/\/www.aaccea-photo.org\/concours\/2012\/galerie\/selection\/data\/images1\/087_d5c737c3abaa6afa795aff7048066030_rouge1.jpg\"><img loading=\"lazy\" decoding=\"async\" src=\"http:\/\/www.aaccea-photo.org\/concours\/2012\/galerie\/selection\/data\/images1\/087_d5c737c3abaa6afa795aff7048066030_rouge1.jpg\" alt=\"\" width=\"150\" height=\"100\" \/><\/a><\/li>\n<\/ol>\n<p><strong><em>Prix Public <\/em><\/strong><a href=\"http:\/\/www.aaccea-photo.org\/concours\/2012\/resultats votes.pdf\" target=\"_blank\" rel=\"noopener\">Fichier des votes<\/a><\/p>\n<ol>\n<li>Photo N\u00b09 de Philippe BRUN (bon FNAC de 100\u20ac)<br \/>\n<a href=\"http:\/\/www.aaccea-photo.org\/concours\/2012\/galerie\/selection\/data\/images1\/038_aadf6ecf8621af2b63986309ec550a57_bp7_7361.jpg\"><img loading=\"lazy\" decoding=\"async\" src=\"http:\/\/www.aaccea-photo.org\/concours\/2012\/galerie\/selection\/data\/images1\/038_aadf6ecf8621af2b63986309ec550a57_bp7_7361.jpg\" alt=\"\" width=\"100\" height=\"150\" \/><\/a><\/li>\n<li>Photo N\u00b022 de Eliane MAUREL (Abonnement 1 an pour 2 personnes \u00e0 la maison Europ\u00e9enne de la photographie)<br \/>\n<a href=\"http:\/\/www.aaccea-photo.org\/concours\/2012\/galerie\/selection\/data\/images1\/097_64282fa55cb5c5618106a15afff5ce47_naxos_8x8.jpg\"><img loading=\"lazy\" decoding=\"async\" src=\"http:\/\/www.aaccea-photo.org\/concours\/2012\/galerie\/selection\/data\/images1\/097_64282fa55cb5c5618106a15afff5ce47_naxos_8x8.jpg\" alt=\"\" width=\"150\" height=\"100\" \/><\/a><\/li>\n<li>Photo N\u00b029 de Jean-Yves THURET (1 livre photos)<br \/>\n<a href=\"http:\/\/www.aaccea-photo.org\/concours\/2012\/galerie\/selection\/data\/images1\/155_64c97d84c4510d75728be70be708b559_jyt2.jpg\"><img loading=\"lazy\" decoding=\"async\" src=\"http:\/\/www.aaccea-photo.org\/concours\/2012\/galerie\/selection\/data\/images1\/155_64c97d84c4510d75728be70be708b559_jyt2.jpg\" alt=\"\" width=\"150\" height=\"100\" \/><\/a><\/li>\n<\/ol>\n<p><strong><em>Prix ALAS<\/em><\/strong><\/p>\n<ol>\n<li>Photo N\u00b032 de Alexis BARBOT (1 livre photos)<br \/>\n<a href=\"http:\/\/www.aaccea-photo.org\/concours\/2012\/galerie\/selection\/data\/images1\/163_231d0be7fb8bc254db161538e038aef7_concours_alexisbarbot3.jpg\"><img loading=\"lazy\" decoding=\"async\" src=\"http:\/\/www.aaccea-photo.org\/concours\/2012\/galerie\/selection\/data\/images1\/163_231d0be7fb8bc254db161538e038aef7_concours_alexisbarbot3.jpg\" alt=\"\" width=\"150\" height=\"101\" \/><\/a><\/li>\n<li>Photo N\u00b01 de R\u00e9gis COURBEYRETTE (1 livre photos)<br \/>\n<a href=\"http:\/\/www.aaccea-photo.org\/concours\/2012\/galerie\/selection\/data\/images1\/001_78d99f33e33b12c2f63efb5eeb5769a0_waco.jpg\"><img loading=\"lazy\" decoding=\"async\" src=\"http:\/\/www.aaccea-photo.org\/concours\/2012\/galerie\/selection\/data\/images1\/001_78d99f33e33b12c2f63efb5eeb5769a0_waco.jpg\" alt=\"\" width=\"150\" height=\"100\" \/><\/a><\/li>\n<\/ol>\n<p><strong><em>Prix de la direction<\/em><\/strong><\/p>\n<ol>\n<li>Photo N\u00b026 de Claude MAZUR (100\u20ac)<br \/>\n<a href=\"http:\/\/www.aaccea-photo.org\/concours\/2012\/galerie\/selection\/data\/images1\/136_73541718de78415baf64da29b0a2db5a_mandawa_3cm_rduit.jpg\"><img loading=\"lazy\" decoding=\"async\" src=\"http:\/\/www.aaccea-photo.org\/concours\/2012\/galerie\/selection\/data\/images1\/136_73541718de78415baf64da29b0a2db5a_mandawa_3cm_rduit.jpg\" alt=\"\" width=\"150\" height=\"100\" \/><\/a><\/li>\n<li>Photo N\u00b031 de Clementina MEDINA (50\u20ac)<br \/>\n<a href=\"http:\/\/www.aaccea-photo.org\/concours\/2012\/galerie\/selection\/data\/images1\/157_d30fa28fe23c7fbac998363648a97dd3_arbre_aux_coeurs.jpg\"><img loading=\"lazy\" decoding=\"async\" src=\"http:\/\/www.aaccea-photo.org\/concours\/2012\/galerie\/selection\/data\/images1\/157_d30fa28fe23c7fbac998363648a97dd3_arbre_aux_coeurs.jpg\" alt=\"\" width=\"150\" height=\"100\" \/><\/a><\/li>\n<\/ol>\n<h2>La participation<\/h2>\n<p>184 photos d\u00e9pos\u00e9ees pour 71 participants<br \/>\n38 photos s\u00e9lectionn\u00e9es pour 27 participants<br \/>\n148 votants pour le prix public<\/p>\n<ul>\n<li><a href=\"http:\/\/www.aaccea-photo.org\/concours\/2012\/galerie\/selection\/index.html\">Les 38 photos qui ont \u00e9t\u00e9 s\u00e9lectionn\u00e9 :<\/a><\/li>\n<li><a href=\"http:\/\/www.aaccea-photo.org\/concours\/2012\/galerie\/depots\/anonymes.html\">Les 184 photos d\u00e9pos\u00e9es pour le concours<\/a><\/li>\n<\/ul>\n","protected":false},"excerpt":{"rendered":"<p>Concours photos de l&rsquo;AAC-CEA 2012 Merci \u00e0 tous les participants et \u00e0 l&rsquo;ann\u00e9e prochaine. Th\u00e8me du concours Le th\u00e8me du concours 2012 est : LA COULEUR ROUGE Il faudra que la couleur rouge soit le th\u00e8me central de votre photo, celle\u2010ci peut \u00eatre repr\u00e9sent\u00e9e par un objet, un animal etc&#8230; La couleur rouge peut aussi&hellip;<\/p>\n","protected":false},"author":4,"featured_media":0,"parent":242,"menu_order":7,"comment_status":"closed","ping_status":"closed","template":"","meta":{"footnotes":""},"_links":{"self":[{"href":"http:\/\/aaccea-photo.org\/WP3\/wp-json\/wp\/v2\/pages\/902"}],"collection":[{"href":"http:\/\/aaccea-photo.org\/WP3\/wp-json\/wp\/v2\/pages"}],"about":[{"href":"http:\/\/aaccea-photo.org\/WP3\/wp-json\/wp\/v2\/types\/page"}],"author":[{"embeddable":true,"href":"http:\/\/aaccea-photo.org\/WP3\/wp-json\/wp\/v2\/users\/4"}],"replies":[{"embeddable":true,"href":"http:\/\/aaccea-photo.org\/WP3\/wp-json\/wp\/v2\/comments?post=902"}],"version-history":[{"count":14,"href":"http:\/\/aaccea-photo.org\/WP3\/wp-json\/wp\/v2\/pages\/902\/revisions"}],"predecessor-version":[{"id":2327,"href":"http:\/\/aaccea-photo.org\/WP3\/wp-json\/wp\/v2\/pages\/902\/revisions\/2327"}],"up":[{"embeddable":true,"href":"http:\/\/aaccea-photo.org\/WP3\/wp-json\/wp\/v2\/pages\/242"}],"wp:attachment":[{"href":"http:\/\/aaccea-photo.org\/WP3\/wp-json\/wp\/v2\/media?parent=902"}],"curies":[{"name":"wp","href":"https:\/\/api.w.org\/{rel}","templated":true}]}}