{"id":115,"date":"2022-09-02T10:55:31","date_gmt":"2022-09-02T08:55:31","guid":{"rendered":"http:\/\/aaccea-photo.org\/WP3\/?page_id=115"},"modified":"2025-10-01T13:31:16","modified_gmt":"2025-10-01T11:31:16","slug":"materiels","status":"publish","type":"page","link":"https:\/\/aaccea-photo.org\/WP3\/materiels\/","title":{"rendered":"Mat\u00e9riels"},"content":{"rendered":"<h2>R\u00e8gles de pr\u00eat de mat\u00e9riel<\/h2>\n<ul>\n<li>Pour l&#8217;emprunt de mat\u00e9riel, il faut avoir au pr\u00e9alable acquitt\u00e9 le <a href=\"about#cond_acces\">droit d\u2019acc\u00e8s<\/a> de 10\u20ac\/an, pour un emprunt en dehors des sorties ou reportages organis\u00e9 par la section un ch\u00e8que de caution sera demand\u00e9.<\/li>\n<li>Une semaine d\u2019emprunt se d\u00e9roule <span style=\"color: #ff0000;\"><strong>du jeudi 13h15 au jeudi suivant 12h45<\/strong><\/span>.<\/li>\n<li>La r\u00e9servation est possible \u00e0 la permanence ou en faire la demande par courriel aupr\u00e8s <a href=\"mailto:permanents@aaccea-photo.org?subject=R\u00e9servation_mat\u00e9riel\">des permanents.<\/a><\/li>\n<li>La troisi\u00e8me semaine de location cons\u00e9cutive est gratuite.<\/li>\n<li>le mat\u00e9riel n&rsquo;est, en principe, pas empruntable au del\u00e0 de trois semaines, et une r\u00e9servation au-del\u00e0 de trois semaines ne pourra \u00eatre consid\u00e9r\u00e9e comme prioritaire. Dans tous les cas, les possibilit\u00e9s d&#8217;emprunt long sont soumises \u00e0 l&rsquo;acceptation des permanents.<\/li>\n<li>Si le jeudi suivant la location, le centre est ferm\u00e9 (jour f\u00e9ri\u00e9 ou RTT impos\u00e9e) la seconde semaine est gratuite.<\/li>\n<li>Si la semaine suivante le mat\u00e9riel n\u2019est pas restitu\u00e9, la semaine suivante de pr\u00eat sera due.<\/li>\n<li>En cas de mauvais fonctionnement du mat\u00e9riel la section photo rembourse le co\u00fbt du pr\u00eat.<\/li>\n<li>L\u2019emprunt de mat\u00e9riel est gratuit pour une utilisation dans le cadre des activit\u00e9s du club, sortie, reportage etc\u2026<\/li>\n<\/ul>\n<h2>Tarifs des pr\u00eats de mat\u00e9riel<\/h2>\n<h5>Mat\u00e9riels num\u00e9riques<\/h5>\n<table style=\"height: 725px; width: 102.242%; border-style: solid; border-color: #030202;\">\n<thead>\n<tr style=\"border-style: solid; border-color: #000000;\">\n<td style=\"text-align: center; height: 46px; width: 79.6973%; border-color: #000000; border-style: solid;\">Mat\u00e9riel<\/td>\n<td style=\"width: 15.2352%; text-align: center; height: 46px; border-color: #000000; border-style: solid;\">Tarif par semaine<\/td>\n<\/tr>\n<tr style=\"border-style: solid; border-color: #000000;\">\n<td style=\"height: 25px; width: 79.6973%; border-color: #000000; border-style: solid;\">Kit Reflex Nikon D800 + 24-70mm + Carte m\u00e9moire<\/td>\n<td style=\"text-align: center; height: 25px; width: 15.2352%; border-color: #000000; border-style: solid;\">30\u20ac<\/td>\n<\/tr>\n<tr style=\"border-style: solid; border-color: #000000;\">\n<td style=\"height: 25px; width: 79.6973%; border-color: #000000; border-style: solid;\">Kit Reflex Nikon D850 + 24-120mm + Carte m\u00e9moire<\/td>\n<td style=\"text-align: center; height: 25px; width: 15.2352%; border-color: #000000; border-style: solid;\">40\u20ac<\/td>\n<\/tr>\n<tr style=\"border-style: solid; border-color: #000000;\">\n<td style=\"height: 25px; width: 79.6973%; border-color: #000000; border-style: solid;\">Kit Reflex Nikon D500 + 16-80mm + Carte m\u00e9moire<\/td>\n<td style=\"text-align: center; height: 25px; width: 15.2352%; border-color: #000000; border-style: solid;\">30\u20ac<\/td>\n<\/tr>\n<tr style=\"border-style: solid; border-color: #000000;\">\n<td style=\"height: 25px; width: 79.6973%; border-color: #000000; border-style: solid;\">Kit Reflex Nikon D300 + 18-105mm + Carte m\u00e9moire<\/td>\n<td style=\"text-align: center; height: 25px; width: 15.2352%; border-color: #000000; border-style: solid;\">10\u20ac<\/td>\n<\/tr>\n<tr style=\"border-style: solid; border-color: #000000;\">\n<td style=\"height: 25px; width: 79.6973%; border-color: #000000; border-style: solid;\">Kit Reflex Nikon D7100 + 18-200mm + Carte m\u00e9moire<\/td>\n<td style=\"text-align: center; height: 25px; width: 15.2352%; border-color: #000000; border-style: solid;\">15\u20ac<\/td>\n<\/tr>\n<tr style=\"border-style: solid; border-color: #000000;\">\n<td style=\"height: 24px; width: 79.6973%; border-color: #000000; border-style: solid;\"><\/td>\n<td style=\"text-align: center; height: 24px; width: 15.2352%; border-color: #000000; border-style: solid;\"><\/td>\n<\/tr>\n<tr style=\"border-style: solid; border-color: #000000;\">\n<td style=\"height: 25px; width: 79.6973%; border-color: #000000; border-style: solid;\">Kit Hybride Nikon Z6 + 24-70mm\/F4 + bague FTZ + Carte m\u00e9moire<\/td>\n<td style=\"text-align: center; height: 25px; width: 15.2352%; border-color: #000000; border-style: solid;\">40\u20ac<\/td>\n<\/tr>\n<tr style=\"border-style: solid; border-color: #000000;\">\n<td style=\"height: 25px; width: 79.6973%; border-color: #000000; border-style: solid;\">Kit Micro 4\/3 Olympus EM-5 + 3 Objectifs* + Carte Memoire<\/td>\n<td style=\"text-align: center; height: 25px; width: 15.2352%; border-color: #000000; border-style: solid;\">25\u20ac<\/td>\n<\/tr>\n<tr style=\"border-style: solid; border-color: #000000;\">\n<td style=\"height: 25px; width: 79.6973%; border-color: #000000; border-style: solid;\">Kit Hybride Panasonic GH-5 + 3 Objectifs* + Carte m\u00e9moire<\/td>\n<td style=\"text-align: center; height: 25px; width: 15.2352%; border-color: #000000; border-style: solid;\">25\u20ac<\/td>\n<\/tr>\n<tr style=\"border-style: solid; border-color: #000000;\">\n<td style=\"height: 10px; width: 79.6973%; border-color: #000000; border-style: solid;\"><sup>* Au choix parmi 17, 25, 45 ou 75mm f1.8<\/sup><\/td>\n<td style=\"text-align: center; height: 10px; width: 15.2352%; border-color: #000000; border-style: solid;\"><\/td>\n<\/tr>\n<tr style=\"border-style: solid; border-color: #000000;\">\n<td style=\"height: 25px; width: 79.6973%; border-color: #000000; border-style: solid;\">Objectif Nikkor 24mm \u00e0 d\u00e9centrement (mont.Nikon)<\/td>\n<td style=\"text-align: center; height: 25px; width: 15.2352%; border-color: #000000; border-style: solid;\">15\u20ac<\/td>\n<\/tr>\n<tr style=\"border-style: solid; border-color: #000000;\">\n<td style=\"height: 25px; width: 79.6973%; border-color: #000000; border-style: solid;\">Objectif Nikkor 24mm f\/2.8 AFD (mont.Nikon)<\/td>\n<td style=\"text-align: center; height: 25px; width: 15.2352%; border-color: #000000; border-style: solid;\">4\u20ac<\/td>\n<\/tr>\n<tr style=\"border-style: solid; border-color: #000000;\">\n<td style=\"height: 25px; width: 79.6973%; border-color: #000000; border-style: solid;\">Objectif Nikkor 85mm f\/1.4 AFD (mont.Nikon)<\/td>\n<td style=\"text-align: center; height: 25px; width: 15.2352%; border-color: #000000; border-style: solid;\">18\u20ac<\/td>\n<\/tr>\n<tr style=\"border-style: solid; border-color: #000000;\">\n<td style=\"height: 25px; width: 79.6973%; border-color: #000000; border-style: solid;\">T\u00e9l\u00e9objectif AF-S VR Micro-Nikkor 105mm f\/2.8 IF-ED VRII<\/td>\n<td style=\"text-align: center; height: 25px; width: 15.2352%; border-color: #000000; border-style: solid;\">8\u20ac<\/td>\n<\/tr>\n<tr style=\"border-style: solid; border-color: #000000;\">\n<td style=\"height: 25px; width: 79.6973%; border-color: #000000; border-style: solid;\">T\u00e9l\u00e9objectif AF-S Nikkor 300mm f\/2.8 G ED VRII + tr\u00e9pied<\/td>\n<td style=\"text-align: center; height: 25px; width: 15.2352%; border-color: #000000; border-style: solid;\">25\u20ac<\/td>\n<\/tr>\n<tr style=\"border-style: solid; border-color: #000000;\">\n<td style=\"height: 25px; width: 79.6973%; border-color: #000000; border-style: solid;\">T\u00e9l\u00e9objectif AF-S Nikkor 400mm f\/2.8 G ED VR<\/td>\n<td style=\"text-align: center; height: 25px; width: 15.2352%; border-color: #000000; border-style: solid;\">35\u20ac<\/td>\n<\/tr>\n<tr style=\"border-style: solid; border-color: #000000;\">\n<td style=\"height: 24px; width: 79.6973%; border-color: #000000; border-style: solid;\"><\/td>\n<td style=\"text-align: center; height: 24px; width: 15.2352%; border-color: #000000; border-style: solid;\"><\/td>\n<\/tr>\n<tr style=\"border-style: solid; border-color: #000000;\">\n<td style=\"height: 26px; width: 79.6973%; border-color: #000000; border-style: solid;\">Zoom Sigma 12-24mm f\/4.5-5.6 EX DG HSM (mont.Nikon)<\/td>\n<td style=\"text-align: center; height: 26px; width: 15.2352%; border-color: #000000; border-style: solid;\">8\u20ac<\/td>\n<\/tr>\n<tr style=\"border-style: solid; border-color: #000000;\">\n<td style=\"height: 24px; width: 79.6973%; border-color: #000000; border-style: solid;\">T\u00e9l\u00e9objectif AF-S Nikkor 18-70 mm<\/td>\n<td style=\"text-align: center; height: 24px; width: 15.2352%; border-color: #000000; border-style: solid;\">5\u20ac<\/td>\n<\/tr>\n<tr style=\"border-style: solid; border-color: #000000;\">\n<td style=\"height: 24px; width: 79.6973%; border-color: #000000; border-style: solid;\">Zoom Nikon 18-105 mm<\/td>\n<td style=\"text-align: center; height: 24px; width: 15.2352%; border-color: #000000; border-style: solid;\">5\u20ac<\/td>\n<\/tr>\n<tr style=\"border-style: solid; border-color: #000000;\">\n<td style=\"height: 25px; width: 79.6973%; border-color: #000000; border-style: solid;\">T\u00e9l\u00e9objectif AF-S Nikkor 70-200mm f\/2.8 IF-ED VRI<\/td>\n<td style=\"text-align: center; height: 25px; width: 15.2352%; border-color: #000000; border-style: solid;\">17\u20ac<\/td>\n<\/tr>\n<tr style=\"border-style: solid; border-color: #000000;\">\n<td style=\"height: 25px; width: 79.6973%; border-color: #000000; border-style: solid;\">T\u00e9l\u00e9objectif AF-S Nikkor 70-200mm f\/2.8 IF-ED VRII<\/td>\n<td style=\"text-align: center; height: 25px; width: 15.2352%; border-color: #000000; border-style: solid;\">20\u20ac<\/td>\n<\/tr>\n<tr style=\"border-style: solid; border-color: #000000;\">\n<td style=\"height: 25px; width: 79.6973%; border-color: #000000; border-style: solid;\">Zoom Sigma 150-600mm f\/5-66.3 DG OS HSM Sports<\/td>\n<td style=\"text-align: center; height: 25px; width: 15.2352%; border-color: #000000; border-style: solid;\">25\u20ac<\/td>\n<\/tr>\n<tr style=\"height: 23px;\">\n<td style=\"width: 79.6973%; border-color: #000000; border-style: solid; height: 23px;\">Zoom Nikkor Z 100-400mm f\/4,5-5,6 VR S <span style=\"color: #000000; background-color: #ffff00;\">*Nouveaut\u00e9 2024*<\/span><\/td>\n<td style=\"text-align: center; width: 15.2352%; border-color: #000000; border-style: solid; height: 23px;\">25\u20ac<\/td>\n<\/tr>\n<tr style=\"border-style: solid; border-color: #000000;\">\n<td style=\"height: 24px; width: 79.6973%; border-color: #000000; border-style: solid;\"><\/td>\n<td style=\"text-align: center; height: 24px; width: 15.2352%; border-color: #000000; border-style: solid;\"><\/td>\n<\/tr>\n<tr style=\"border-style: solid; border-color: #000000;\">\n<td style=\"height: 25px; width: 79.6973%; border-color: #000000; border-style: solid;\">Flash SB 600 \/ SB 900 \/ SB910<\/td>\n<td style=\"text-align: center; height: 25px; width: 15.2352%; border-color: #000000; border-style: solid;\">5\u20ac<\/td>\n<\/tr>\n<tr style=\"border-style: solid; border-color: #000000;\">\n<td style=\"height: 25px; width: 79.6973%; border-color: #000000; border-style: solid;\">Kit Ranger Quadra<\/td>\n<td style=\"text-align: center; height: 25px; width: 15.2352%; border-color: #000000; border-style: solid;\">20\u20ac<\/td>\n<\/tr>\n<tr style=\"border-style: solid; border-color: #000000;\">\n<td style=\"height: 25px; width: 79.6973%; border-color: #000000; border-style: solid;\">Kit filtres Gris Neutre et Big stopper 77<span class=\"a-color-base technicalData\">\u00d8<\/span><\/td>\n<td style=\"text-align: center; height: 25px; width: 15.2352%; border-color: #000000; border-style: solid;\">4\u20ac<\/td>\n<\/tr>\n<\/thead>\n<\/table>\n<h5>Mat\u00e9riels Divers<\/h5>\n<table style=\"border-style: solid; border-color: #000000; width: 100%; height: 213px;\">\n<thead>\n<tr style=\"border-style: solid; border-color: #000000;\">\n<td style=\"border-style: solid; border-color: #000000; height: 45px;\">Mat\u00e9riel<\/td>\n<td style=\"width: 90px; border-style: solid; border-color: #000000; height: 45px;\">Tarif par semaine<\/td>\n<\/tr>\n<\/thead>\n<tbody>\n<tr style=\"height: 24px;\">\n<td style=\"border-style: solid; border-color: #000000; height: 24px;\">Sonde calibration \u00e9cran Eye-one<\/td>\n<td style=\"border-style: solid; border-color: #000000; height: 24px;\">Gratuit*<\/td>\n<\/tr>\n<tr style=\"height: 24px;\">\n<td style=\"border-style: solid; border-color: #000000; height: 24px;\">Sonde calibration \u00e9cran ColorMunki<\/td>\n<td style=\"border-style: solid; border-color: #000000; height: 24px;\">Gratuit*<\/td>\n<\/tr>\n<tr style=\"height: 24px;\">\n<td style=\"border-style: solid; border-color: #000000; height: 24px;\">Monopode Eumig<\/td>\n<td style=\"border-style: solid; border-color: #000000; height: 24px;\">Gratuit*<\/td>\n<\/tr>\n<tr style=\"height: 24px;\">\n<td style=\"border-style: solid; border-color: #000000; height: 24px;\">Tr\u00e9pied Manfrotto<\/td>\n<td style=\"border-style: solid; border-color: #000000; height: 24px;\">Gratuit*<\/td>\n<\/tr>\n<tr style=\"height: 24px;\">\n<td style=\"border-style: solid; border-color: #000000; height: 24px;\">Tr\u00e9pied Gitzo<\/td>\n<td style=\"border-style: solid; border-color: #000000; height: 24px;\">Gratuit*<\/td>\n<\/tr>\n<tr style=\"height: 24px;\">\n<td style=\"border-style: solid; border-color: #000000; height: 24px;\">Multiplicateur 1.7 Nikon (gratuit si avec l&rsquo;objectif)<\/td>\n<td style=\"border-style: solid; border-color: #000000; height: 24px;\">Gratuit*<\/td>\n<\/tr>\n<tr style=\"height: 24px;\">\n<td style=\"border-style: solid; border-color: #000000; height: 24px;\">Filtres cokin et autres + divers petits mat\u00e9riels<\/td>\n<td style=\"border-style: solid; border-color: #000000; height: 24px;\">Gratuit*<\/td>\n<\/tr>\n<\/tbody>\n<\/table>\n<h5>Mat\u00e9riel Argentique + Labo + Studio<\/h5>\n<table style=\"border-style: solid; border-color: #000000;\">\n<thead>\n<tr>\n<td style=\"border-style: solid; border-color: #000000;\">Mat\u00e9riel<\/td>\n<td style=\"width: 90px; border-style: solid; border-color: #000000;\">Forfait \u00e0 l&rsquo;ann\u00e9e<\/td>\n<\/tr>\n<\/thead>\n<tbody>\n<tr>\n<td style=\"border-style: solid; border-color: #000000;\">Reflex 24&#215;36 Minolta Dinax 500si + (3.5\/4.5) 35-70mm<\/td>\n<td style=\"vertical-align: middle; border-style: solid; border-color: #000000;\" rowspan=\"12\">Gratuit* si droit d&rsquo;acc\u00e8s acquitt\u00e9<\/td>\n<\/tr>\n<tr>\n<td style=\"border-style: solid; border-color: #000000;\">Reflex 24&#215;36 Minolta F65<\/td>\n<\/tr>\n<tr>\n<td style=\"border-style: solid; border-color: #000000;\">Flash Minolta HS 3500<\/td>\n<\/tr>\n<tr>\n<td style=\"border-style: solid; border-color: #000000;\">Zoom Minolta 35-70mm<\/td>\n<\/tr>\n<tr>\n<td style=\"border-style: solid; border-color: #000000;\">Zoom Minolta 35-105mm<\/td>\n<\/tr>\n<tr>\n<td style=\"border-style: solid; border-color: #000000;\">Zoom Minolta 135mm f\/2.8 soft focus<\/td>\n<\/tr>\n<tr>\n<td style=\"border-style: solid; border-color: #000000;\">t\u00e9l\u00e9objectif \u00ab\u00a0fusil\u00a0\u00bb Novoflex 200mm<\/td>\n<\/tr>\n<tr>\n<td style=\"border-style: solid; border-color: #000000;\">t\u00e9l\u00e9objectif \u00ab\u00a0fusil\u00a0\u00bb Novoflex 400mm<\/td>\n<\/tr>\n<tr>\n<td style=\"border-style: solid; border-color: #000000;\">Reflex 6&#215;6 Hasselblad + optiques<\/td>\n<\/tr>\n<tr>\n<td style=\"border-style: solid; border-color: #000000;\">Rolleicord 6&#215;6 + optiques<\/td>\n<\/tr>\n<tr>\n<td style=\"border-style: solid; border-color: #000000;\">Yashica + optiques<\/td>\n<\/tr>\n<tr>\n<td style=\"border-style: solid; border-color: #000000;\">Chambre Linhoff + accessoires<\/td>\n<\/tr>\n<\/tbody>\n<\/table>\n<h6>* Pr\u00eats gratuit si droit d&rsquo;acc\u00e8s acquitt\u00e9 et dans la limite de 2 semaines maximum. P\u00e9nalit\u00e9 de 10\u20ac par semaine de retard.<\/h6>\n<h2>Agenda des pr\u00eats de mat\u00e9riel<\/h2>\n<p>Chaque ligne repr\u00e9sente un mat\u00e9riel avec la mention [r\u00e9serv\u00e9] ou [emprunt\u00e9]<\/p>\n<p><iframe loading=\"lazy\" style=\"border-width: 0;\" src=\"https:\/\/www.google.com\/calendar\/embed?title=Agenda%20de%20pr%C3%AAt%20de%20mat%C3%A9riel%20AACCEA%20Photo&amp;showPrint=0&amp;showTabs=0&amp;showCalendars=0&amp;showTz=0&amp;height=1024&amp;wkst=2&amp;bgcolor=%23FFFFFF&amp;src=sj3lm43ou8ga4mapdq9g40h5es%40group.calendar.google.com&amp;color=%23AB8B00&amp;ctz=Europe%2FParis\" width=\"740\" height=\"1024\" frameborder=\"0\" scrolling=\"no\"><\/iframe><\/p>\n","protected":false},"excerpt":{"rendered":"<p>R\u00e8gles de pr\u00eat de mat\u00e9riel Pour l&#8217;emprunt de mat\u00e9riel, il faut avoir au pr\u00e9alable acquitt\u00e9 le droit d\u2019acc\u00e8s de 10\u20ac\/an, pour un emprunt en dehors des sorties ou reportages organis\u00e9 par la section un ch\u00e8que de caution sera demand\u00e9. Une semaine d\u2019emprunt se d\u00e9roule du jeudi 13h15 au jeudi suivant 12h45. La r\u00e9servation est possible&hellip;<\/p>\n","protected":false},"author":4,"featured_media":0,"parent":0,"menu_order":2,"comment_status":"closed","ping_status":"open","template":"","meta":{"footnotes":""},"_links":{"self":[{"href":"https:\/\/aaccea-photo.org\/WP3\/wp-json\/wp\/v2\/pages\/115"}],"collection":[{"href":"https:\/\/aaccea-photo.org\/WP3\/wp-json\/wp\/v2\/pages"}],"about":[{"href":"https:\/\/aaccea-photo.org\/WP3\/wp-json\/wp\/v2\/types\/page"}],"author":[{"embeddable":true,"href":"https:\/\/aaccea-photo.org\/WP3\/wp-json\/wp\/v2\/users\/4"}],"replies":[{"embeddable":true,"href":"https:\/\/aaccea-photo.org\/WP3\/wp-json\/wp\/v2\/comments?post=115"}],"version-history":[{"count":63,"href":"https:\/\/aaccea-photo.org\/WP3\/wp-json\/wp\/v2\/pages\/115\/revisions"}],"predecessor-version":[{"id":3824,"href":"https:\/\/aaccea-photo.org\/WP3\/wp-json\/wp\/v2\/pages\/115\/revisions\/3824"}],"wp:attachment":[{"href":"https:\/\/aaccea-photo.org\/WP3\/wp-json\/wp\/v2\/media?parent=115"}],"curies":[{"name":"wp","href":"https:\/\/api.w.org\/{rel}","templated":true}]}}