{"id":134,"date":"2016-01-18T10:57:59","date_gmt":"2016-01-18T09:57:59","guid":{"rendered":"http:\/\/aaccea-photo.org\/WP3\/?page_id=134"},"modified":"2025-05-06T11:28:39","modified_gmt":"2025-05-06T09:28:39","slug":"contacts","status":"publish","type":"page","link":"https:\/\/aaccea-photo.org\/WP3\/contacts\/","title":{"rendered":"Contacts"},"content":{"rendered":"<h2>Les permanents du club<\/h2>\n<p>Vous pouvez contacter les permanents du club qui vous accueillent \u00e9galement tous les derniers jeudi du mois au b\u00e2timent 471 (SOUK) entre 12h45 et 13h30 ou pour les autres jours via l&rsquo;adresse email : <a href=\"mailto:permanents@aaccea-photo.org\">permanents@aaccea-photo.org<\/a><\/p>\n<table style=\"height: 1000px; width: 830px;\" border=\"0\" width=\"500\">\n<tbody>\n<tr>\n<td style=\"width: 237px;\"><a href=\"http:\/\/aaccea-photo.org\/WP3\/wp-content\/uploads\/2012\/07\/Regis.jpg\"><img loading=\"lazy\" decoding=\"async\" class=\"size-full wp-image-396\" title=\"Regis\" src=\"http:\/\/aaccea-photo.org\/WP3\/wp-content\/uploads\/2012\/07\/Regis.jpg\" alt=\"Regis\" width=\"150\" height=\"226\" \/><\/a><\/p>\n<h4>R\u00e9gis Courbeyrette<\/h4>\n<p>Charg\u00e9 d&rsquo;activit\u00e9 &amp; Formation<\/td>\n<td style=\"width: 237px;\"><\/td>\n<td style=\"width: 356px;\"><a href=\"http:\/\/aaccea-photo.org\/WP3\/wp-content\/uploads\/2012\/07\/Sigrid.jpg\"><img loading=\"lazy\" decoding=\"async\" class=\"size-full wp-image-397\" title=\"Sigrid\" src=\"http:\/\/aaccea-photo.org\/WP3\/wp-content\/uploads\/2012\/07\/Sigrid.jpg\" alt=\"Sigrid\" width=\"150\" height=\"225\" \/><\/a><\/p>\n<h4>Sigrid Laroubine<\/h4>\n<p>Webmaster et Contact UCOM<\/td>\n<\/tr>\n<tr>\n<td style=\"width: 237px;\"><a href=\"http:\/\/aaccea-photo.org\/WP3\/wp-content\/uploads\/2012\/07\/Yves.jpg\"><img loading=\"lazy\" decoding=\"async\" class=\"size-full wp-image-398 alignnone\" title=\"Yves\" src=\"http:\/\/aaccea-photo.org\/WP3\/wp-content\/uploads\/2012\/07\/Yves.jpg\" alt=\"Yves\" width=\"150\" height=\"226\" \/><\/a><\/p>\n<h4 style=\"text-align: left;\">Yves Piret<\/h4>\n<p style=\"text-align: left;\">Mat\u00e9riel et permanences<\/p>\n<p style=\"text-align: left;\">\n<\/td>\n<td style=\"width: 237px;\"><a href=\"http:\/\/aaccea-photo.org\/WP3\/wp-content\/uploads\/2012\/07\/Annie.jpg\"><img loading=\"lazy\" decoding=\"async\" class=\"wp-image-394 alignnone\" title=\"Annie\" src=\"http:\/\/aaccea-photo.org\/WP3\/wp-content\/uploads\/2012\/07\/Annie.jpg\" alt=\"Annie\" width=\"166\" height=\"216\" \/><\/a><\/p>\n<h4>Annie Le Blanc<\/h4>\n<p>Permanences<\/td>\n<td style=\"width: 356px;\"><a href=\"http:\/\/aaccea-photo.org\/WP3\/wp-content\/uploads\/2012\/07\/photo-club-xavier.jpg\"><img loading=\"lazy\" decoding=\"async\" class=\"wp-image-1512 alignnone\" src=\"http:\/\/aaccea-photo.org\/WP3\/wp-content\/uploads\/2012\/07\/photo-club-xavier-242x300.jpg\" alt=\"photo-club-xavier\" width=\"150\" height=\"186\" srcset=\"https:\/\/aaccea-photo.org\/WP3\/wp-content\/uploads\/2012\/07\/photo-club-xavier-242x300.jpg 242w, https:\/\/aaccea-photo.org\/WP3\/wp-content\/uploads\/2012\/07\/photo-club-xavier-826x1024.jpg 826w, https:\/\/aaccea-photo.org\/WP3\/wp-content\/uploads\/2012\/07\/photo-club-xavier.jpg 1368w\" sizes=\"(max-width: 150px) 100vw, 150px\" \/><\/a><\/p>\n<p><strong>Xavier Coppolani<\/strong>Concours et Permanences<\/td>\n<\/tr>\n<\/tbody>\n<\/table>\n","protected":false},"excerpt":{"rendered":"<p>Les permanents du club Vous pouvez contacter les permanents du club qui vous accueillent \u00e9galement tous les derniers jeudi du mois au b\u00e2timent 471 (SOUK) entre 12h45 et 13h30 ou pour les autres jours via l&rsquo;adresse email : permanents@aaccea-photo.org R\u00e9gis Courbeyrette Charg\u00e9 d&rsquo;activit\u00e9 &amp; Formation Sigrid Laroubine Webmaster et Contact UCOM Yves Piret Mat\u00e9riel et&hellip;<\/p>\n","protected":false},"author":4,"featured_media":0,"parent":0,"menu_order":5,"comment_status":"closed","ping_status":"open","template":"","meta":{"footnotes":""},"_links":{"self":[{"href":"https:\/\/aaccea-photo.org\/WP3\/wp-json\/wp\/v2\/pages\/134"}],"collection":[{"href":"https:\/\/aaccea-photo.org\/WP3\/wp-json\/wp\/v2\/pages"}],"about":[{"href":"https:\/\/aaccea-photo.org\/WP3\/wp-json\/wp\/v2\/types\/page"}],"author":[{"embeddable":true,"href":"https:\/\/aaccea-photo.org\/WP3\/wp-json\/wp\/v2\/users\/4"}],"replies":[{"embeddable":true,"href":"https:\/\/aaccea-photo.org\/WP3\/wp-json\/wp\/v2\/comments?post=134"}],"version-history":[{"count":34,"href":"https:\/\/aaccea-photo.org\/WP3\/wp-json\/wp\/v2\/pages\/134\/revisions"}],"predecessor-version":[{"id":3704,"href":"https:\/\/aaccea-photo.org\/WP3\/wp-json\/wp\/v2\/pages\/134\/revisions\/3704"}],"wp:attachment":[{"href":"https:\/\/aaccea-photo.org\/WP3\/wp-json\/wp\/v2\/media?parent=134"}],"curies":[{"name":"wp","href":"https:\/\/api.w.org\/{rel}","templated":true}]}}