{"id":2,"date":"2021-08-30T21:39:00","date_gmt":"2021-08-30T19:39:00","guid":{"rendered":"http:\/\/aaccea-photo.org\/WP3\/\/?page_id=2"},"modified":"2025-10-01T13:41:24","modified_gmt":"2025-10-01T11:41:24","slug":"about","status":"publish","type":"page","link":"https:\/\/aaccea-photo.org\/WP3\/about\/","title":{"rendered":"Pr\u00e9sentation"},"content":{"rendered":"<h2>Pr\u00e9sentation<\/h2>\n<p>La section photographie de l\u2019Association Artistique et Culturelle du CEA vous accueille le dernier jeudi du mois (ou sur demande un autre jour) \u00e0 la permanence qui se tient de 12h45 \u00e0 13h15 au b\u00e2timent 471.<\/p>\n<p>Les permanents sont heureux de vous accueillir tous les mercredis au Souk pour discuter autour de notre passion la photo. N&rsquo;h\u00e9sitez surtout pas \u00e0 venir nous rencontrer !<\/p>\n<p>Notre club est jumel\u00e9 avec le club de Saclay village <a href=\"http:\/\/saclay-visions.fr\/\" target=\"_blank\" rel=\"noopener noreferrer\"> \u00ab\u00a0SaclayVisions\u00a0\u00bb<\/a>. Dans ce cadre, nous partageons les activit\u00e9s afin de faire profiter aux adh\u00e9rents des deux clubs des activit\u00e9s que nous dispensons.<\/p>\n<h2>Les activit\u00e9s<\/h2>\n<h4 style=\"text-align: center;\"><em>Formations<\/em><\/h4>\n<p>Tous les aspects photographiques sont abord\u00e9s, la prise de vues, le post-traitement, l\u2019analyse d\u2019image\u2026 Les cours sont organis\u00e9s au cours de sorties photo (acc\u00e8s libre pour les ext\u00e9rieurs CEA). Nous faisons \u00e9galement des formations \u00e0 la demande. Il ne faut donc pas h\u00e9siter \u00e0 nous faire part de vos souhaits et de vos attentes. <a href=\"http:\/\/aaccea-photo.org\/WP3\/formation\/\">Toutes les infos sur les formations<\/a><\/p>\n<h4 style=\"text-align: center;\"><em>Pr\u00eat de mat\u00e9riel<\/em><\/h4>\n<p>La section poss\u00e8de du mat\u00e9riel photo argentique et num\u00e9rique qui \u00e9volue chaque ann\u00e9e. Le mat\u00e9riel peut \u00eatre emprunt\u00e9 \u00e0 la semaine du jeudi 13h15 au jeudi suivant 12h45 moyennant une contribution dont le tarif est consultable ci-dessous.<\/p>\n<h4 style=\"text-align: center;\"><em>Sorties et reportages photo<\/em><\/h4>\n<p>Des sorties qui permettent de mettre en pratique ce qui a \u00e9t\u00e9 fait lors des s\u00e9ances de formations, ou des sorties th\u00e9matiques en r\u00e9gion Parisienne et en France.<\/p>\n<p><strong><span style=\"color: #ff0000;\">* Pour les sorties et reportages organis\u00e9 par la section le pr\u00eat de mat\u00e9riel est gratuit. *<\/span><\/strong><\/p>\n<h4 style=\"text-align: center;\"><em>Studio photo<\/em><\/h4>\n<p>Nous poss\u00e9dons l\u2019acc\u00e8s \u00e0 deux studios photo. Un sur le centre de Saclay et un autre dans les locaux de Saclay-Visions. Pour r\u00e9server le studio il faut en faire la demande par courriel aupr\u00e8s <a href=\"mailto:permanents@aaccea-photo.org\">des permanents<\/a>.<br \/>\n<img loading=\"lazy\" decoding=\"async\" class=\"aligncenter\" src=\"http:\/\/aaccea-photo.org\/WP3\/wp-content\/uploads\/2012\/07\/PresentationStudio.jpg\" alt=\"Studio Photo\" width=\"500\" height=\"329\" \/><\/p>\n<h4 style=\"text-align: center;\"><em>Laboratoire de d\u00e9veloppement<\/em><\/h4>\n<p>Acc\u00e8s \u00e0 un laboratoire photo sur dans le local de l&rsquo;association Saclay Vision. Il faut apporter l\u2019ensemble des consommables n\u00e9cessaires (r\u00e9v\u00e9lateur, papier, etc..). Pour r\u00e9server le studio il faut en faire la demande par courriel aupr\u00e8s <a href=\"mailto:permanents@aaccea-photo.org\">des permanents<\/a><\/p>\n<h4 style=\"text-align: center;\"><em><strong>Concours photos &amp; Expositions<\/strong><\/em><\/h4>\n<p>Chaque ann\u00e9e nous organisons un concours photos ouvert \u00e0 tous les membres des deux clubs ainsi qu\u2019\u00e0 tous les \u00ab\u00a0ayants-droit\u00a0\u00bb CEA. Ce concours a pour objectif de faire connaitre les activit\u00e9s de la section photo afin d\u2019attirer de nouveaux adh\u00e9rents. Saclay-Visions participe \u00e9galement \u00e0 de nombreux concours et exposions en Ile de France.<\/p>\n<h2 id=\"cond_acces\">Conditions d&rsquo;acc\u00e8s<\/h2>\n<h5>Conditions d&rsquo;acc\u00e8s aux activit\u00e9s :<\/h5>\n<p>\u2666<strong>Adh\u00e9sion \u00e0 l\u2019 AAC-CEA Saclay<\/strong><br \/>\n<strong>10 \u20ac<\/strong> (Agent CEA et conventionn\u00e9)<br \/>\n<em>Carte valable du 1er Septembre au 31 Ao\u00fbt<br \/>\n<\/em><br \/>\n<strong>\u2666 Adh\u00e9sion \u00e0 la section photo 2 formules possible :<\/strong><\/p>\n<p><strong><em>-&gt; Activit\u00e9s libres :<\/em> <\/strong><b>1\u20ac \/ An<\/b><br \/>\nCette adh\u00e9sion donne acc\u00e8s \u00e0 toutes les activit\u00e9s organis\u00e9es par la section AAC-Photo et \u00e9galement par l&rsquo;association Saclay-Visions avec qui nous sommes affili\u00e9 :<\/p>\n<ul>\n<li>formations<\/li>\n<li>sorties<\/li>\n<li>concours<\/li>\n<li>expositions<\/li>\n<\/ul>\n<p><strong><em>-&gt; Emprunts &#8211; Studio &#8211; Labo :<\/em> <\/strong><b>10\u20ac \/ An<\/b><\/p>\n<p style=\"text-align: center;\">Cette adh\u00e9sion donne acc\u00e8s \u00e0 l&rsquo;ensemble des activit\u00e9s et \u00e9galement donne la possibilit\u00e9 d&#8217;emprunter du mat\u00e9riel photo mise \u00e0 disposition par le club. Pour un emprunt en dehors des sorties et reportages organis\u00e9s par la section un ch\u00e8que de caution sera demand\u00e9.<br \/>\nDe plus vous aurez acc\u00e8s au Studio et Labo de l&rsquo;association Saclay-Visions<\/p>\n<ul>\n<li style=\"text-align: left;\">Le ch\u00e8que de caution n&rsquo;est pas encaiss\u00e9.<\/li>\n<li style=\"text-align: left;\">Emprunts \u00e0 la semaine du jeudi au jeudi.<\/li>\n<li style=\"text-align: left;\"><span style=\"color: #ff0000;\">La troisi\u00e8me semaine d&#8217;emprunt cons\u00e9cutive est gratuite.<\/span><\/li>\n<li style=\"text-align: left;\"><span style=\"color: #ff0000;\">Emprunt du mat\u00e9riel argentique Gratuit.<\/span><\/li>\n<\/ul>\n<p style=\"text-align: center;\">Plus d&rsquo;information sur l&#8217;emprunt de mat\u00e9riel et liste du mat\u00e9riel \u00e0 cette adresse :<br \/>\n<a href=\"https:\/\/aaccea-photo.org\/WP3\/materiels\/\" target=\"_blank\" rel=\"noopener\">https:\/\/aaccea-photo.org\/WP3\/materiels\/<\/a><\/p>\n<p>Pour le laboratoire les produits sont \u00e0 la charge de l&rsquo;adh\u00e9rent. Il est possible d&rsquo;entreposer ses produits dans le labo mais il faut que le propri\u00e9taire les ait identifi\u00e9s \u00e0 son nom.<\/p>\n","protected":false},"excerpt":{"rendered":"<p>Pr\u00e9sentation La section photographie de l\u2019Association Artistique et Culturelle du CEA vous accueille le dernier jeudi du mois (ou sur demande un autre jour) \u00e0 la permanence qui se tient de 12h45 \u00e0 13h15 au b\u00e2timent 471. Les permanents sont heureux de vous accueillir tous les mercredis au Souk pour discuter autour de notre passion&hellip;<\/p>\n","protected":false},"author":1,"featured_media":0,"parent":0,"menu_order":0,"comment_status":"closed","ping_status":"open","template":"","meta":{"footnotes":""},"_links":{"self":[{"href":"https:\/\/aaccea-photo.org\/WP3\/wp-json\/wp\/v2\/pages\/2"}],"collection":[{"href":"https:\/\/aaccea-photo.org\/WP3\/wp-json\/wp\/v2\/pages"}],"about":[{"href":"https:\/\/aaccea-photo.org\/WP3\/wp-json\/wp\/v2\/types\/page"}],"author":[{"embeddable":true,"href":"https:\/\/aaccea-photo.org\/WP3\/wp-json\/wp\/v2\/users\/1"}],"replies":[{"embeddable":true,"href":"https:\/\/aaccea-photo.org\/WP3\/wp-json\/wp\/v2\/comments?post=2"}],"version-history":[{"count":58,"href":"https:\/\/aaccea-photo.org\/WP3\/wp-json\/wp\/v2\/pages\/2\/revisions"}],"predecessor-version":[{"id":3830,"href":"https:\/\/aaccea-photo.org\/WP3\/wp-json\/wp\/v2\/pages\/2\/revisions\/3830"}],"wp:attachment":[{"href":"https:\/\/aaccea-photo.org\/WP3\/wp-json\/wp\/v2\/media?parent=2"}],"curies":[{"name":"wp","href":"https:\/\/api.w.org\/{rel}","templated":true}]}}