{"id":3772,"date":"2025-09-05T12:45:16","date_gmt":"2025-09-05T10:45:16","guid":{"rendered":"https:\/\/aaccea-photo.org\/WP3\/?page_id=3772"},"modified":"2025-09-05T12:45:16","modified_gmt":"2025-09-05T10:45:16","slug":"concours-2024","status":"publish","type":"page","link":"https:\/\/aaccea-photo.org\/WP3\/concours-2024\/","title":{"rendered":"&#8211; Concours 2024"},"content":{"rendered":"\n<h1>Concours photos de l&rsquo;AAC-CEA 2024-2025<\/h1>\n<h2><strong>On a enfin les gagnants du concours 2024-2025<\/strong><\/h2>\n<h2>-&gt; Votes publics &lt;-\u00a0<br \/><a href=\"http:\/\/aaccea-photo.org\/WP3\/wp-content\/uploads\/2025\/04\/Resultats-Concours-2025.pdf\" target=\"_blank\" rel=\"noopener\">R\u00e9sultats des votes<\/a><\/h2>\n<p>1er : Lilin Audrey (100\u20ac carte FNAC)<br \/><a href=\"http:\/\/aaccea-photo.org\/WP3\/wp-content\/uploads\/2025\/04\/54197545464_b9d12ca146_c.jpg\"><img loading=\"lazy\" decoding=\"async\" class=\"alignleft  wp-image-3668\" src=\"http:\/\/aaccea-photo.org\/WP3\/wp-content\/uploads\/2025\/04\/54197545464_b9d12ca146_c-225x300.jpg\" alt=\"\" width=\"200\" height=\"267\" srcset=\"https:\/\/aaccea-photo.org\/WP3\/wp-content\/uploads\/2025\/04\/54197545464_b9d12ca146_c-225x300.jpg 225w, https:\/\/aaccea-photo.org\/WP3\/wp-content\/uploads\/2025\/04\/54197545464_b9d12ca146_c.jpg 600w\" sizes=\"(max-width: 200px) 100vw, 200px\" \/><\/a><br \/>2\u00e8me : Pascal Gallais (d\u00e9j\u00e0 prim\u00e9)<br \/><a href=\"http:\/\/aaccea-photo.org\/WP3\/wp-content\/uploads\/2025\/04\/54197527883_38188734f4_c.jpg\"><img loading=\"lazy\" decoding=\"async\" class=\"alignleft  wp-image-3670\" src=\"http:\/\/aaccea-photo.org\/WP3\/wp-content\/uploads\/2025\/04\/54197527883_38188734f4_c-300x200.jpg\" alt=\"\" width=\"260\" height=\"173\" srcset=\"https:\/\/aaccea-photo.org\/WP3\/wp-content\/uploads\/2025\/04\/54197527883_38188734f4_c-300x200.jpg 300w, https:\/\/aaccea-photo.org\/WP3\/wp-content\/uploads\/2025\/04\/54197527883_38188734f4_c-768x512.jpg 768w, https:\/\/aaccea-photo.org\/WP3\/wp-content\/uploads\/2025\/04\/54197527883_38188734f4_c.jpg 799w\" sizes=\"(max-width: 260px) 100vw, 260px\" \/><\/a><\/p>\n<p>3\u00e8me : Armelle le Noa (50\u20ac carte FNAC)<br \/><a href=\"http:\/\/aaccea-photo.org\/WP3\/wp-content\/uploads\/2025\/04\/54197545579_d2e1521927_c.jpg\"><img loading=\"lazy\" decoding=\"async\" class=\"alignleft  wp-image-3669\" src=\"http:\/\/aaccea-photo.org\/WP3\/wp-content\/uploads\/2025\/04\/54197545579_d2e1521927_c-300x169.jpg\" alt=\"\" width=\"261\" height=\"147\" srcset=\"https:\/\/aaccea-photo.org\/WP3\/wp-content\/uploads\/2025\/04\/54197545579_d2e1521927_c-300x169.jpg 300w, https:\/\/aaccea-photo.org\/WP3\/wp-content\/uploads\/2025\/04\/54197545579_d2e1521927_c-768x432.jpg 768w, https:\/\/aaccea-photo.org\/WP3\/wp-content\/uploads\/2025\/04\/54197545579_d2e1521927_c.jpg 800w\" sizes=\"(max-width: 261px) 100vw, 261px\" \/><\/a><\/p>\n<p>4\u00e8me : Sandrine Sorbet (50\u20ac carte FNAC)<br \/><a href=\"http:\/\/aaccea-photo.org\/WP3\/wp-content\/uploads\/2025\/04\/54197527868_13080c2f6f_c.jpg\"><img loading=\"lazy\" decoding=\"async\" class=\"alignnone  wp-image-3687\" src=\"http:\/\/aaccea-photo.org\/WP3\/wp-content\/uploads\/2025\/04\/54197527868_13080c2f6f_c-300x225.jpg\" alt=\"\" width=\"219\" height=\"164\" srcset=\"https:\/\/aaccea-photo.org\/WP3\/wp-content\/uploads\/2025\/04\/54197527868_13080c2f6f_c-300x225.jpg 300w, https:\/\/aaccea-photo.org\/WP3\/wp-content\/uploads\/2025\/04\/54197527868_13080c2f6f_c-768x576.jpg 768w, https:\/\/aaccea-photo.org\/WP3\/wp-content\/uploads\/2025\/04\/54197527868_13080c2f6f_c-120x90.jpg 120w, https:\/\/aaccea-photo.org\/WP3\/wp-content\/uploads\/2025\/04\/54197527868_13080c2f6f_c.jpg 800w\" sizes=\"(max-width: 219px) 100vw, 219px\" \/><\/a><\/p>\n<h2>-&gt; Prix du jury &lt;-<\/h2>\n<p>Prix photographe : Pascal Gallais(100\u20ac carte FNAC)<br \/><a href=\"http:\/\/aaccea-photo.org\/WP3\/wp-content\/uploads\/2025\/04\/54197527883_38188734f4_c.jpg\"><img loading=\"lazy\" decoding=\"async\" class=\"alignnone size-medium wp-image-3670\" src=\"http:\/\/aaccea-photo.org\/WP3\/wp-content\/uploads\/2025\/04\/54197527883_38188734f4_c-300x200.jpg\" alt=\"\" width=\"300\" height=\"200\" srcset=\"https:\/\/aaccea-photo.org\/WP3\/wp-content\/uploads\/2025\/04\/54197527883_38188734f4_c-300x200.jpg 300w, https:\/\/aaccea-photo.org\/WP3\/wp-content\/uploads\/2025\/04\/54197527883_38188734f4_c-768x512.jpg 768w, https:\/\/aaccea-photo.org\/WP3\/wp-content\/uploads\/2025\/04\/54197527883_38188734f4_c.jpg 799w\" sizes=\"(max-width: 300px) 100vw, 300px\" \/><\/a><\/p>\n<h3><u>Galeries des photos d\u00e9pos\u00e9es et s\u00e9lectionn\u00e9es pour l&rsquo;exposition :<\/u><\/h3>\n<p><strong><a href=\"https:\/\/www.flickr.com\/gp\/135330759@N04\/6v64565t7A\" target=\"_blank\" rel=\"noopener\">Les 52 photos propos\u00e9es<\/a><\/strong><\/p>\n<h3><strong><a href=\"https:\/\/www.flickr.com\/gp\/135330759@N04\/65j3j98hX2\" target=\"_blank\" rel=\"noopener\">Les 19 photos s\u00e9lectionn\u00e9es<\/a><\/strong><\/h3>\n<h2><strong>Th\u00e8me : Cl\u00f4ture<br \/><\/strong><\/h2>\n<p><a href=\"http:\/\/aaccea-photo.org\/WP3\/wp-content\/uploads\/2024\/05\/Affiche-concour-2024-scaled.jpg\"><img loading=\"lazy\" decoding=\"async\" class=\"aligncenter size-large wp-image-3430\" src=\"http:\/\/aaccea-photo.org\/WP3\/wp-content\/uploads\/2024\/05\/Affiche-concour-2024-724x1024.jpg\" alt=\"\" width=\"724\" height=\"1024\" srcset=\"https:\/\/aaccea-photo.org\/WP3\/wp-content\/uploads\/2024\/05\/Affiche-concour-2024-724x1024.jpg 724w, https:\/\/aaccea-photo.org\/WP3\/wp-content\/uploads\/2024\/05\/Affiche-concour-2024-212x300.jpg 212w, https:\/\/aaccea-photo.org\/WP3\/wp-content\/uploads\/2024\/05\/Affiche-concour-2024-768x1086.jpg 768w, https:\/\/aaccea-photo.org\/WP3\/wp-content\/uploads\/2024\/05\/Affiche-concour-2024-1086x1536.jpg 1086w, https:\/\/aaccea-photo.org\/WP3\/wp-content\/uploads\/2024\/05\/Affiche-concour-2024-1448x2048.jpg 1448w, https:\/\/aaccea-photo.org\/WP3\/wp-content\/uploads\/2024\/05\/Affiche-concour-2024-scaled.jpg 1810w\" sizes=\"(max-width: 724px) 100vw, 724px\" \/><\/a><\/p>\n<h3>\u00a0<\/h3>\n<hr \/>\n<h3>Description du concours<\/h3>\n<div class=\"page\" title=\"Page 1\">\n<div class=\"section\">\n<div class=\"layoutArea\">\n<div class=\"column\">\n<h3><span lang=\"fr\">Par cl\u00f4ture, nous entendons ce qui sert \u00e0 fermer un passage, \u00e0 entourer un espace et non l\u2019action de terminer quelque chose. Une cl\u00f4ture peut \u00eatre r\u00e9alis\u00e9e par l\u2019homme ou \u00eatre une limite naturelle. Quel que soit la technique utilis\u00e9e (traitement, r\u00e9glage composition etc \u2026), la cl\u00f4ture devra \u00eatre le sujet principal de votre clich\u00e9. <br \/><em>&lt; Alors \u00e0 vos appareils et bonne photo &gt;<\/em><br \/><\/span><\/h3>\n<\/div>\n<p>&#8212;&#8212;&#8212;&#8212;&#8212;&#8212;&#8212;&#8212;&#8211;<\/p>\n<\/div>\n<\/div>\n<\/div>\n<p><\/p>\n","protected":false},"excerpt":{"rendered":"","protected":false},"author":6,"featured_media":0,"parent":0,"menu_order":0,"comment_status":"closed","ping_status":"closed","template":"","meta":{"footnotes":""},"_links":{"self":[{"href":"https:\/\/aaccea-photo.org\/WP3\/wp-json\/wp\/v2\/pages\/3772"}],"collection":[{"href":"https:\/\/aaccea-photo.org\/WP3\/wp-json\/wp\/v2\/pages"}],"about":[{"href":"https:\/\/aaccea-photo.org\/WP3\/wp-json\/wp\/v2\/types\/page"}],"author":[{"embeddable":true,"href":"https:\/\/aaccea-photo.org\/WP3\/wp-json\/wp\/v2\/users\/6"}],"replies":[{"embeddable":true,"href":"https:\/\/aaccea-photo.org\/WP3\/wp-json\/wp\/v2\/comments?post=3772"}],"version-history":[{"count":1,"href":"https:\/\/aaccea-photo.org\/WP3\/wp-json\/wp\/v2\/pages\/3772\/revisions"}],"predecessor-version":[{"id":3773,"href":"https:\/\/aaccea-photo.org\/WP3\/wp-json\/wp\/v2\/pages\/3772\/revisions\/3773"}],"wp:attachment":[{"href":"https:\/\/aaccea-photo.org\/WP3\/wp-json\/wp\/v2\/media?parent=3772"}],"curies":[{"name":"wp","href":"https:\/\/api.w.org\/{rel}","templated":true}]}}