{"id":578,"date":"2012-09-19T12:06:50","date_gmt":"2012-09-19T10:06:50","guid":{"rendered":"http:\/\/aaccea-photo.org\/WP3\/?page_id=578"},"modified":"2012-09-19T12:22:30","modified_gmt":"2012-09-19T10:22:30","slug":"agenda","status":"publish","type":"page","link":"https:\/\/aaccea-photo.org\/WP3\/agenda\/","title":{"rendered":"Agenda"},"content":{"rendered":"<h2>AGENDA des clubs AAC-CEA et Saclay Visions<\/h2>\n<p>Cet agenda est tenu \u00e0 jour au fil de l&rsquo;eau. Consultez le r\u00e9guli\u00e8rement pour tout savoir des activit\u00e9s \u00e0 venir.<\/p>\n<p><iframe loading=\"lazy\" style=\"border-width: 0;\" src=\"https:\/\/www.google.com\/calendar\/embed?title=AGENDA%20des%20clubs%20AAC-CEA%20et%20Saclay%20Visions&amp;showPrint=0&amp;showCalendars=0&amp;showTz=0&amp;height=600&amp;wkst=2&amp;bgcolor=%23FFFFFF&amp;src=bjgmgevgi8afvnk829ol1cplmg%40group.calendar.google.com&amp;color=%230D7813&amp;src=b5dcn6fne8o2nm3ee87sl3bnd8%40group.calendar.google.com&amp;color=%23B1365F&amp;src=aaccea.photo%40gmail.com&amp;color=%232952A3&amp;src=o34lpfl0o8vj6mnflsouuiom5k%40group.calendar.google.com&amp;color=%235229A3&amp;src=hqcbl80hbi1n3jg71fdsdf9bns%40group.calendar.google.com&amp;color=%2328754E&amp;src=pm2p5vubjbktrn5dso8796itjo%40group.calendar.google.com&amp;color=%23060D5E&amp;ctz=Europe%2FParis\" frameborder=\"0\" scrolling=\"no\" width=\"740\" height=\"600\"><\/iframe><\/p>\n","protected":false},"excerpt":{"rendered":"<p>AGENDA des clubs AAC-CEA et Saclay Visions Cet agenda est tenu \u00e0 jour au fil de l&rsquo;eau. Consultez le r\u00e9guli\u00e8rement pour tout savoir des activit\u00e9s \u00e0 venir.<\/p>\n","protected":false},"author":4,"featured_media":0,"parent":0,"menu_order":0,"comment_status":"closed","ping_status":"open","template":"","meta":{"footnotes":""},"_links":{"self":[{"href":"https:\/\/aaccea-photo.org\/WP3\/wp-json\/wp\/v2\/pages\/578"}],"collection":[{"href":"https:\/\/aaccea-photo.org\/WP3\/wp-json\/wp\/v2\/pages"}],"about":[{"href":"https:\/\/aaccea-photo.org\/WP3\/wp-json\/wp\/v2\/types\/page"}],"author":[{"embeddable":true,"href":"https:\/\/aaccea-photo.org\/WP3\/wp-json\/wp\/v2\/users\/4"}],"replies":[{"embeddable":true,"href":"https:\/\/aaccea-photo.org\/WP3\/wp-json\/wp\/v2\/comments?post=578"}],"version-history":[{"count":5,"href":"https:\/\/aaccea-photo.org\/WP3\/wp-json\/wp\/v2\/pages\/578\/revisions"}],"predecessor-version":[{"id":1494,"href":"https:\/\/aaccea-photo.org\/WP3\/wp-json\/wp\/v2\/pages\/578\/revisions\/1494"}],"wp:attachment":[{"href":"https:\/\/aaccea-photo.org\/WP3\/wp-json\/wp\/v2\/media?parent=578"}],"curies":[{"name":"wp","href":"https:\/\/api.w.org\/{rel}","templated":true}]}}